{"id":38619,"date":"2021-09-23T05:55:15","date_gmt":"2021-09-23T02:55:15","guid":{"rendered":"https:\/\/engineerforce.fi\/contact\/"},"modified":"2021-11-03T11:13:44","modified_gmt":"2021-11-03T08:13:44","slug":"contact","status":"publish","type":"page","link":"https:\/\/engineerforce.fi\/fi\/contact\/","title":{"rendered":"Ota yhteytt\u00e4"},"content":{"rendered":"<h2 class=\"has-text-align-center wp-block-heading\">Ota yhteytt\u00e4<\/h2>\n\n\n\n<div class=\"wp-block-image\"><figure class=\"aligncenter size-full is-resized\"><img data-recalc-dims=\"1\" loading=\"lazy\" decoding=\"async\" src=\"https:\/\/i0.wp.com\/engineerforce.fi\/wp-content\/uploads\/2021\/09\/Samuli-naamakuva.png?resize=367%2C489&#038;ssl=1\" alt=\"\" class=\"wp-image-38806\" width=\"367\" height=\"489\" srcset=\"https:\/\/i0.wp.com\/engineerforce.fi\/wp-content\/uploads\/2021\/09\/Samuli-naamakuva.png?w=675&amp;ssl=1 675w, https:\/\/i0.wp.com\/engineerforce.fi\/wp-content\/uploads\/2021\/09\/Samuli-naamakuva.png?resize=225%2C300&amp;ssl=1 225w\" sizes=\"auto, (max-width: 367px) 100vw, 367px\" \/><\/figure><\/div>\n\n\n\n<h2 class=\"has-text-align-center has-medium-font-size wp-block-heading\">Samuli Yrj\u00f6nen<br>Yritt\u00e4j\u00e4, Rakennusinsin\u00f6\u00f6ri AMK<br><a href=\"tel:+358443222977\">044 322 2977<\/a><br><a href=\"mailto:samuli.yrjonen@engineerforce.fi\">samuli.yrjonen@engineerforce.fi<\/a><br><\/h2>\n\n\n\n<p><\/p>\n\n\n\n<p><\/p>","protected":false},"excerpt":{"rendered":"<p>Contact Samuli Yrj\u00f6nenProject Coordinator044 322 2977samuli.yrjonen@engineerforce.fi<\/p>","protected":false},"author":1,"featured_media":0,"parent":0,"menu_order":0,"comment_status":"closed","ping_status":"closed","template":"","meta":{"nf_dc_page":"","om_disable_all_campaigns":false,"pagelayer_contact_templates":[],"_pagelayer_content":"","_monsterinsights_skip_tracking":false,"_monsterinsights_sitenote_active":false,"_monsterinsights_sitenote_note":"","_monsterinsights_sitenote_category":0,"site-sidebar-layout":"default","site-content-layout":"default","ast-site-content-layout":"default","site-content-style":"default","site-sidebar-style":"default","ast-global-header-display":"","ast-banner-title-visibility":"","ast-main-header-display":"","ast-hfb-above-header-display":"","ast-hfb-below-header-display":"","ast-hfb-mobile-header-display":"","site-post-title":"","ast-breadcrumbs-content":"","ast-featured-img":"","footer-sml-layout":"","ast-disable-related-posts":"","theme-transparent-header-meta":"default","adv-header-id-meta":"","stick-header-meta":"","header-above-stick-meta":"","header-main-stick-meta":"","header-below-stick-meta":"","astra-migrate-meta-layouts":"default","ast-page-background-enabled":"default","ast-page-background-meta":{"desktop":{"background-color":"var(--ast-global-color-4)","background-image":"","background-repeat":"repeat","background-position":"center center","background-size":"auto","background-attachment":"scroll","background-type":"","background-media":"","overlay-type":"","overlay-color":"","overlay-opacity":"","overlay-gradient":""},"tablet":{"background-color":"","background-image":"","background-repeat":"repeat","background-position":"center center","background-size":"auto","background-attachment":"scroll","background-type":"","background-media":"","overlay-type":"","overlay-color":"","overlay-opacity":"","overlay-gradient":""},"mobile":{"background-color":"","background-image":"","background-repeat":"repeat","background-position":"center center","background-size":"auto","background-attachment":"scroll","background-type":"","background-media":"","overlay-type":"","overlay-color":"","overlay-opacity":"","overlay-gradient":""}},"ast-content-background-meta":{"desktop":{"background-color":"var(--ast-global-color-5)","background-image":"","background-repeat":"repeat","background-position":"center center","background-size":"auto","background-attachment":"scroll","background-type":"","background-media":"","overlay-type":"","overlay-color":"","overlay-opacity":"","overlay-gradient":""},"tablet":{"background-color":"var(--ast-global-color-5)","background-image":"","background-repeat":"repeat","background-position":"center center","background-size":"auto","background-attachment":"scroll","background-type":"","background-media":"","overlay-type":"","overlay-color":"","overlay-opacity":"","overlay-gradient":""},"mobile":{"background-color":"var(--ast-global-color-5)","background-image":"","background-repeat":"repeat","background-position":"center center","background-size":"auto","background-attachment":"scroll","background-type":"","background-media":"","overlay-type":"","overlay-color":"","overlay-opacity":"","overlay-gradient":""}},"footnotes":""},"class_list":["post-38619","page","type-page","status-publish","hentry"],"aioseo_notices":[],"jetpack_sharing_enabled":true,"_links":{"self":[{"href":"https:\/\/engineerforce.fi\/fi\/wp-json\/wp\/v2\/pages\/38619","targetHints":{"allow":["GET"]}}],"collection":[{"href":"https:\/\/engineerforce.fi\/fi\/wp-json\/wp\/v2\/pages"}],"about":[{"href":"https:\/\/engineerforce.fi\/fi\/wp-json\/wp\/v2\/types\/page"}],"author":[{"embeddable":true,"href":"https:\/\/engineerforce.fi\/fi\/wp-json\/wp\/v2\/users\/1"}],"replies":[{"embeddable":true,"href":"https:\/\/engineerforce.fi\/fi\/wp-json\/wp\/v2\/comments?post=38619"}],"version-history":[{"count":17,"href":"https:\/\/engineerforce.fi\/fi\/wp-json\/wp\/v2\/pages\/38619\/revisions"}],"predecessor-version":[{"id":38932,"href":"https:\/\/engineerforce.fi\/fi\/wp-json\/wp\/v2\/pages\/38619\/revisions\/38932"}],"wp:attachment":[{"href":"https:\/\/engineerforce.fi\/fi\/wp-json\/wp\/v2\/media?parent=38619"}],"curies":[{"name":"wp","href":"https:\/\/api.w.org\/{rel}","templated":true}]}}