{"id":38667,"date":"2021-09-23T05:55:15","date_gmt":"2021-09-23T05:55:15","guid":{"rendered":"https:\/\/engineerforce.fi\/about\/"},"modified":"2021-10-11T15:57:54","modified_gmt":"2021-10-11T12:57:54","slug":"about","status":"publish","type":"page","link":"https:\/\/engineerforce.fi\/fi\/about\/","title":{"rendered":"Meist\u00e4"},"content":{"rendered":"<h3 class=\"has-text-align-center wp-block-heading\"><br>Engineer Force on Suomalainen yritys. Toimimme  BusinessWiz Oy:n aputoiminimell\u00e4 Engineer Force. Samuli Yrj\u00f6nen perusti Engineer Forcen vuonna 2021 . Samuli on toiminut erilaisissa rakennusinsin\u00f6\u00f6rin teht\u00e4viss\u00e4 yli 10 vuotta ja rakennusalalla kaikkiaan 20 vuotta. Engineer Forcen kyky palvella asiakkaitaan huippulaadukkaasti perustuu tekev\u00e4\u00e4n otteeseen ja laajaan kumppaniverkostoon. Vuosien varrella johdetut ja valvotut projetkit ovat kartuttaneet suuren m\u00e4\u00e4r\u00e4n luotettavia urakoitsijoita ja suunnittelijoita.\nBusinessWiz Oy:st\u00e4 lis\u00e4\u00e4 <a href=\"https:\/\/businesswiz.fi\/\" target=\"_blank\" rel=\"noreferrer noopener\">t\u00e4\u00e4lt\u00e4<\/a>.<\/h3>\n\n\n\n<h3 class=\"has-text-align-center wp-block-heading\">Engineer Force sitoutuu hankkeisiin joihin l\u00e4hdet\u00e4\u00e4n mukaan. Uutena yrityksen\u00e4 palvelun saatavuuteen ja laatuun kiinnitet\u00e4\u00e4n erityishuomiota. Yrityksen arvoja ovat rehellisyys, luotettavuus ja korkea laatu. K\u00e4yt\u00e4mme modernia tietotekniikkaa ja sopeudumme asiakkaan tarpeisiin hankekohtaisesti.<\/h3>\n\n\n\n<p><\/p>","protected":false},"excerpt":{"rendered":"<p>Engineer Force is a company based in Finland. We are a part of BusinessWiz Oy. Our founders Samuli Yrj\u00f6nen and Priyanka Banerjee combine their expertise to make this service possible. Samuli has a long career in construction engineering. Priyanka, originally from India has strong global connections and has made her career in IT-engineering. Currently Priyanka [&hellip;]<\/p>\n","protected":false},"author":1,"featured_media":0,"parent":0,"menu_order":0,"comment_status":"closed","ping_status":"closed","template":"","meta":{"nf_dc_page":"","om_disable_all_campaigns":false,"pagelayer_contact_templates":[],"_pagelayer_content":"","_monsterinsights_skip_tracking":false,"_monsterinsights_sitenote_active":false,"_monsterinsights_sitenote_note":"","_monsterinsights_sitenote_category":0,"site-sidebar-layout":"default","site-content-layout":"default","ast-site-content-layout":"default","site-content-style":"default","site-sidebar-style":"default","ast-global-header-display":"","ast-banner-title-visibility":"","ast-main-header-display":"","ast-hfb-above-header-display":"","ast-hfb-below-header-display":"","ast-hfb-mobile-header-display":"","site-post-title":"","ast-breadcrumbs-content":"","ast-featured-img":"","footer-sml-layout":"","ast-disable-related-posts":"","theme-transparent-header-meta":"default","adv-header-id-meta":"","stick-header-meta":"","header-above-stick-meta":"","header-main-stick-meta":"","header-below-stick-meta":"","astra-migrate-meta-layouts":"default","ast-page-background-enabled":"default","ast-page-background-meta":{"desktop":{"background-color":"var(--ast-global-color-4)","background-image":"","background-repeat":"repeat","background-position":"center center","background-size":"auto","background-attachment":"scroll","background-type":"","background-media":"","overlay-type":"","overlay-color":"","overlay-opacity":"","overlay-gradient":""},"tablet":{"background-color":"","background-image":"","background-repeat":"repeat","background-position":"center center","background-size":"auto","background-attachment":"scroll","background-type":"","background-media":"","overlay-type":"","overlay-color":"","overlay-opacity":"","overlay-gradient":""},"mobile":{"background-color":"","background-image":"","background-repeat":"repeat","background-position":"center center","background-size":"auto","background-attachment":"scroll","background-type":"","background-media":"","overlay-type":"","overlay-color":"","overlay-opacity":"","overlay-gradient":""}},"ast-content-background-meta":{"desktop":{"background-color":"var(--ast-global-color-5)","background-image":"","background-repeat":"repeat","background-position":"center center","background-size":"auto","background-attachment":"scroll","background-type":"","background-media":"","overlay-type":"","overlay-color":"","overlay-opacity":"","overlay-gradient":""},"tablet":{"background-color":"var(--ast-global-color-5)","background-image":"","background-repeat":"repeat","background-position":"center center","background-size":"auto","background-attachment":"scroll","background-type":"","background-media":"","overlay-type":"","overlay-color":"","overlay-opacity":"","overlay-gradient":""},"mobile":{"background-color":"var(--ast-global-color-5)","background-image":"","background-repeat":"repeat","background-position":"center center","background-size":"auto","background-attachment":"scroll","background-type":"","background-media":"","overlay-type":"","overlay-color":"","overlay-opacity":"","overlay-gradient":""}},"footnotes":""},"class_list":["post-38667","page","type-page","status-publish","hentry"],"aioseo_notices":[],"jetpack_sharing_enabled":true,"_links":{"self":[{"href":"https:\/\/engineerforce.fi\/fi\/wp-json\/wp\/v2\/pages\/38667","targetHints":{"allow":["GET"]}}],"collection":[{"href":"https:\/\/engineerforce.fi\/fi\/wp-json\/wp\/v2\/pages"}],"about":[{"href":"https:\/\/engineerforce.fi\/fi\/wp-json\/wp\/v2\/types\/page"}],"author":[{"embeddable":true,"href":"https:\/\/engineerforce.fi\/fi\/wp-json\/wp\/v2\/users\/1"}],"replies":[{"embeddable":true,"href":"https:\/\/engineerforce.fi\/fi\/wp-json\/wp\/v2\/comments?post=38667"}],"version-history":[{"count":7,"href":"https:\/\/engineerforce.fi\/fi\/wp-json\/wp\/v2\/pages\/38667\/revisions"}],"predecessor-version":[{"id":38879,"href":"https:\/\/engineerforce.fi\/fi\/wp-json\/wp\/v2\/pages\/38667\/revisions\/38879"}],"wp:attachment":[{"href":"https:\/\/engineerforce.fi\/fi\/wp-json\/wp\/v2\/media?parent=38667"}],"curies":[{"name":"wp","href":"https:\/\/api.w.org\/{rel}","templated":true}]}}