{"id":38715,"date":"2021-09-23T05:55:15","date_gmt":"2021-09-23T02:55:15","guid":{"rendered":"https:\/\/engineerforce.fi\/home\/"},"modified":"2022-09-21T12:36:37","modified_gmt":"2022-09-21T09:36:37","slug":"home","status":"publish","type":"page","link":"https:\/\/engineerforce.fi\/fi\/","title":{"rendered":"Koti"},"content":{"rendered":"<h1 class=\"has-text-align-center has-ast-global-color-8-color has-text-color has-large-font-size wp-block-heading\">Tervetuloa Eningeer Forcen sivuille<\/h1>\n\n\n\n<h2 class=\"has-text-align-center @media only screen and (max-device-width: 1080px) { p font-size:8px; } has-medium-font-size wp-block-heading\">Meilt\u00e4 saat luotettavaa ja ammattitaitoista palvelua <br>Palvelemme Asunto-osakeyhti\u00f6it\u00e4, is\u00e4nn\u00f6intitoimistoja ja teemme yhteisty\u00f6t\u00e4 rakennuttamis- ja suunnittelutoimistojen kanssa. Meilt\u00e4 saat kokonaisvaltaisen palvelun jokaiseen rakennushankkeeseen.\nErikoisosaamisemme on rakentamisen hankesuunnittelussa, rakentamisen valvonnassa ja projektien johtamisessa.<\/h2>\n\n\n\n<p><\/p>","protected":false},"excerpt":{"rendered":"<p>Welcome to Engineer Force We provide engineers and cad drawing services for designing companies. All our engineers work 100% remote.&nbsp; We can help you take on bigger projects and keep delivering on current projects.<\/p>","protected":false},"author":1,"featured_media":0,"parent":0,"menu_order":0,"comment_status":"closed","ping_status":"closed","template":"","meta":{"nf_dc_page":"","om_disable_all_campaigns":false,"pagelayer_contact_templates":[],"_pagelayer_content":"","_monsterinsights_skip_tracking":false,"_monsterinsights_sitenote_active":false,"_monsterinsights_sitenote_note":"","_monsterinsights_sitenote_category":0,"site-sidebar-layout":"no-sidebar","site-content-layout":"default","ast-site-content-layout":"default","site-content-style":"default","site-sidebar-style":"default","ast-global-header-display":"","ast-banner-title-visibility":"","ast-main-header-display":"","ast-hfb-above-header-display":"","ast-hfb-below-header-display":"","ast-hfb-mobile-header-display":"","site-post-title":"","ast-breadcrumbs-content":"","ast-featured-img":"","footer-sml-layout":"disabled","ast-disable-related-posts":"","theme-transparent-header-meta":"disabled","adv-header-id-meta":"","stick-header-meta":"","header-above-stick-meta":"","header-main-stick-meta":"","header-below-stick-meta":"","astra-migrate-meta-layouts":"default","ast-page-background-enabled":"default","ast-page-background-meta":{"desktop":{"background-color":"var(--ast-global-color-4)","background-image":"","background-repeat":"repeat","background-position":"center center","background-size":"auto","background-attachment":"scroll","background-type":"","background-media":"","overlay-type":"","overlay-color":"","overlay-opacity":"","overlay-gradient":""},"tablet":{"background-color":"","background-image":"","background-repeat":"repeat","background-position":"center center","background-size":"auto","background-attachment":"scroll","background-type":"","background-media":"","overlay-type":"","overlay-color":"","overlay-opacity":"","overlay-gradient":""},"mobile":{"background-color":"","background-image":"","background-repeat":"repeat","background-position":"center center","background-size":"auto","background-attachment":"scroll","background-type":"","background-media":"","overlay-type":"","overlay-color":"","overlay-opacity":"","overlay-gradient":""}},"ast-content-background-meta":{"desktop":{"background-color":"var(--ast-global-color-5)","background-image":"","background-repeat":"repeat","background-position":"center center","background-size":"auto","background-attachment":"scroll","background-type":"","background-media":"","overlay-type":"","overlay-color":"","overlay-opacity":"","overlay-gradient":""},"tablet":{"background-color":"var(--ast-global-color-5)","background-image":"","background-repeat":"repeat","background-position":"center center","background-size":"auto","background-attachment":"scroll","background-type":"","background-media":"","overlay-type":"","overlay-color":"","overlay-opacity":"","overlay-gradient":""},"mobile":{"background-color":"var(--ast-global-color-5)","background-image":"","background-repeat":"repeat","background-position":"center center","background-size":"auto","background-attachment":"scroll","background-type":"","background-media":"","overlay-type":"","overlay-color":"","overlay-opacity":"","overlay-gradient":""}},"footnotes":""},"class_list":["post-38715","page","type-page","status-publish","hentry"],"aioseo_notices":[],"jetpack_sharing_enabled":true,"_links":{"self":[{"href":"https:\/\/engineerforce.fi\/fi\/wp-json\/wp\/v2\/pages\/38715","targetHints":{"allow":["GET"]}}],"collection":[{"href":"https:\/\/engineerforce.fi\/fi\/wp-json\/wp\/v2\/pages"}],"about":[{"href":"https:\/\/engineerforce.fi\/fi\/wp-json\/wp\/v2\/types\/page"}],"author":[{"embeddable":true,"href":"https:\/\/engineerforce.fi\/fi\/wp-json\/wp\/v2\/users\/1"}],"replies":[{"embeddable":true,"href":"https:\/\/engineerforce.fi\/fi\/wp-json\/wp\/v2\/comments?post=38715"}],"version-history":[{"count":26,"href":"https:\/\/engineerforce.fi\/fi\/wp-json\/wp\/v2\/pages\/38715\/revisions"}],"predecessor-version":[{"id":38930,"href":"https:\/\/engineerforce.fi\/fi\/wp-json\/wp\/v2\/pages\/38715\/revisions\/38930"}],"wp:attachment":[{"href":"https:\/\/engineerforce.fi\/fi\/wp-json\/wp\/v2\/media?parent=38715"}],"curies":[{"name":"wp","href":"https:\/\/api.w.org\/{rel}","templated":true}]}}