{"id":38763,"date":"2021-09-23T05:55:15","date_gmt":"2021-09-23T02:55:15","guid":{"rendered":"https:\/\/engineerforce.fi\/practicearea\/"},"modified":"2021-09-23T16:09:41","modified_gmt":"2021-09-23T13:09:41","slug":"services","status":"publish","type":"page","link":"https:\/\/engineerforce.fi\/fi\/services\/","title":{"rendered":"Palvelut"},"content":{"rendered":"<h1 class=\"has-text-align-center has-ast-global-color-8-color has-text-color wp-block-heading\">Palvelut<\/h1>\n\n\n\n<p><\/p>\n\n\n\n<h2 class=\"has-text-align-center wp-block-heading\">Me olemme apunanne kaikissa rakennushankkeissa. Talon sis\u00e4lt\u00e4 l\u00f6ytyy ammattitaito mm. seuraaviin palveluihin: rakentamisen valvonta, suunnittelun ohjaus, projektip\u00e4\u00e4llikk\u00f6, kiinteist\u00f6konsultointi, kartoitukset ja vastaavan ty\u00f6njohtajan palvelut.<br>K\u00e4yt\u00e4mme kumppaneita palveluihin, kuten LVIS-suunnittelu- ja valvonta sek\u00e4 urakointi. Erikoisosaamistamme on hankkeiden kokonaisvaltainen johtaminen ja rakentamisen konsultointi<\/h2>\n\n\n\n<h2 class=\"has-text-align-center wp-block-heading\">Tarjoamme my\u00f6s piirustusten digitalisointia. K\u00e4yt\u00e4mme kustannustehokkaita kansainv\u00e4lisi\u00e4 kumppaneita suunnittelun alkuvaiheessa, jolloin suunnitelmien piirt\u00e4minen pdf muodosta dwg muotoon voi s\u00e4\u00e4st\u00e4\u00e4 tuhansia euroja. Hoidamme asiakaskontaktit suomeksi ja toimitamme lopputuotteen suomeksi.<\/h2>\n\n\n\n<p><\/p>","protected":false},"excerpt":{"rendered":"<p>Services We deliver engineers for you.Engineer Force is focused on construction industry engineering. If there is any engineering that can be done remotely, we have a person to do that for you. Don\u2019t hesitate to ask for engineers in other industries as well. We will find them for you.<\/p>","protected":false},"author":1,"featured_media":0,"parent":0,"menu_order":0,"comment_status":"closed","ping_status":"closed","template":"","meta":{"nf_dc_page":"","om_disable_all_campaigns":false,"pagelayer_contact_templates":[],"_pagelayer_content":"","_monsterinsights_skip_tracking":false,"_monsterinsights_sitenote_active":false,"_monsterinsights_sitenote_note":"","_monsterinsights_sitenote_category":0,"site-sidebar-layout":"default","site-content-layout":"default","ast-site-content-layout":"default","site-content-style":"default","site-sidebar-style":"default","ast-global-header-display":"","ast-banner-title-visibility":"","ast-main-header-display":"","ast-hfb-above-header-display":"","ast-hfb-below-header-display":"","ast-hfb-mobile-header-display":"","site-post-title":"","ast-breadcrumbs-content":"","ast-featured-img":"","footer-sml-layout":"","ast-disable-related-posts":"","theme-transparent-header-meta":"default","adv-header-id-meta":"","stick-header-meta":"","header-above-stick-meta":"","header-main-stick-meta":"","header-below-stick-meta":"","astra-migrate-meta-layouts":"default","ast-page-background-enabled":"default","ast-page-background-meta":{"desktop":{"background-color":"var(--ast-global-color-4)","background-image":"","background-repeat":"repeat","background-position":"center center","background-size":"auto","background-attachment":"scroll","background-type":"","background-media":"","overlay-type":"","overlay-color":"","overlay-opacity":"","overlay-gradient":""},"tablet":{"background-color":"","background-image":"","background-repeat":"repeat","background-position":"center center","background-size":"auto","background-attachment":"scroll","background-type":"","background-media":"","overlay-type":"","overlay-color":"","overlay-opacity":"","overlay-gradient":""},"mobile":{"background-color":"","background-image":"","background-repeat":"repeat","background-position":"center center","background-size":"auto","background-attachment":"scroll","background-type":"","background-media":"","overlay-type":"","overlay-color":"","overlay-opacity":"","overlay-gradient":""}},"ast-content-background-meta":{"desktop":{"background-color":"var(--ast-global-color-5)","background-image":"","background-repeat":"repeat","background-position":"center center","background-size":"auto","background-attachment":"scroll","background-type":"","background-media":"","overlay-type":"","overlay-color":"","overlay-opacity":"","overlay-gradient":""},"tablet":{"background-color":"var(--ast-global-color-5)","background-image":"","background-repeat":"repeat","background-position":"center center","background-size":"auto","background-attachment":"scroll","background-type":"","background-media":"","overlay-type":"","overlay-color":"","overlay-opacity":"","overlay-gradient":""},"mobile":{"background-color":"var(--ast-global-color-5)","background-image":"","background-repeat":"repeat","background-position":"center center","background-size":"auto","background-attachment":"scroll","background-type":"","background-media":"","overlay-type":"","overlay-color":"","overlay-opacity":"","overlay-gradient":""}},"footnotes":""},"class_list":["post-38763","page","type-page","status-publish","hentry"],"aioseo_notices":[],"jetpack_sharing_enabled":true,"_links":{"self":[{"href":"https:\/\/engineerforce.fi\/fi\/wp-json\/wp\/v2\/pages\/38763","targetHints":{"allow":["GET"]}}],"collection":[{"href":"https:\/\/engineerforce.fi\/fi\/wp-json\/wp\/v2\/pages"}],"about":[{"href":"https:\/\/engineerforce.fi\/fi\/wp-json\/wp\/v2\/types\/page"}],"author":[{"embeddable":true,"href":"https:\/\/engineerforce.fi\/fi\/wp-json\/wp\/v2\/users\/1"}],"replies":[{"embeddable":true,"href":"https:\/\/engineerforce.fi\/fi\/wp-json\/wp\/v2\/comments?post=38763"}],"version-history":[{"count":4,"href":"https:\/\/engineerforce.fi\/fi\/wp-json\/wp\/v2\/pages\/38763\/revisions"}],"predecessor-version":[{"id":38860,"href":"https:\/\/engineerforce.fi\/fi\/wp-json\/wp\/v2\/pages\/38763\/revisions\/38860"}],"wp:attachment":[{"href":"https:\/\/engineerforce.fi\/fi\/wp-json\/wp\/v2\/media?parent=38763"}],"curies":[{"name":"wp","href":"https:\/\/api.w.org\/{rel}","templated":true}]}}